{"id":107,"date":"2013-11-21T15:28:32","date_gmt":"2013-11-21T14:28:32","guid":{"rendered":"http:\/\/www.neosa.fr\/?page_id=107"},"modified":"2015-01-26T11:38:22","modified_gmt":"2015-01-26T10:38:22","slug":"page_welcome","status":"publish","type":"page","link":"https:\/\/www.neosa.fr\/","title":{"rendered":"A propos de Neosa"},"content":{"rendered":"<p>Vous recherchez un interlocuteur technique comp\u00e9tent et \u00e0 votre \u00e9coute,<br \/>\nAvec qui vous pourriez parler librement autre chose que de technique pure,<br \/>\nAvec qui vous envisagez de partager votre passion, votre m\u00e9tier, vos envies et vos attentes.<\/p>\n<p>Prenons le temps de nous rencontrer, de discuter de vos probl\u00e8mes, et ensemble \u0153uvrons \u00e0 notre propre r\u00e9ussite,<br \/>\nRendons utiles et agr\u00e9ables vos outils de travail.<\/p>\n<p>Mat\u00e9riel ou logiciel ? Neosa vous conseillera, vous assistera, vous guidera.<\/p>\n<p><a title=\"Contactez nous\" href=\"https:\/\/www.neosa.fr\/?page_id=14\">\u00ab\u00a0J&rsquo;ai envie de vous contacter !\u00a0\u00bb<\/a><\/p>\n<p>Apple Mac OS X, Windows et Linux (RedHat, CentOS\u2026), Neosa vous accompagne au quotidien.<\/p>\n<p>&nbsp;<\/p>\n","protected":false},"excerpt":{"rendered":"<p>Vous recherchez un interlocuteur technique comp\u00e9tent et \u00e0 votre \u00e9coute, Avec qui vous pourriez parler librement autre chose que de technique pure, Avec qui vous envisagez de partager votre passion, votre m\u00e9tier, vos envies et vos attentes. Prenons le temps de nous rencontrer, de discuter de vos probl\u00e8mes, et ensemble \u0153uvrons \u00e0 notre propre r\u00e9ussite,&hellip;<\/p>\n","protected":false},"author":1,"featured_media":0,"parent":0,"menu_order":0,"comment_status":"closed","ping_status":"open","template":"","meta":{"footnotes":""},"class_list":["post-107","page","type-page","status-publish","hentry"],"_links":{"self":[{"href":"https:\/\/www.neosa.fr\/index.php?rest_route=\/wp\/v2\/pages\/107","targetHints":{"allow":["GET"]}}],"collection":[{"href":"https:\/\/www.neosa.fr\/index.php?rest_route=\/wp\/v2\/pages"}],"about":[{"href":"https:\/\/www.neosa.fr\/index.php?rest_route=\/wp\/v2\/types\/page"}],"author":[{"embeddable":true,"href":"https:\/\/www.neosa.fr\/index.php?rest_route=\/wp\/v2\/users\/1"}],"replies":[{"embeddable":true,"href":"https:\/\/www.neosa.fr\/index.php?rest_route=%2Fwp%2Fv2%2Fcomments&post=107"}],"version-history":[{"count":8,"href":"https:\/\/www.neosa.fr\/index.php?rest_route=\/wp\/v2\/pages\/107\/revisions"}],"predecessor-version":[{"id":279,"href":"https:\/\/www.neosa.fr\/index.php?rest_route=\/wp\/v2\/pages\/107\/revisions\/279"}],"wp:attachment":[{"href":"https:\/\/www.neosa.fr\/index.php?rest_route=%2Fwp%2Fv2%2Fmedia&parent=107"}],"curies":[{"name":"wp","href":"https:\/\/api.w.org\/{rel}","templated":true}]}}