{"id":12,"date":"2013-11-18T16:47:15","date_gmt":"2013-11-18T15:47:15","guid":{"rendered":"http:\/\/www.neosa.fr\/?page_id=12"},"modified":"2017-01-22T16:35:53","modified_gmt":"2017-01-22T15:35:53","slug":"produits","status":"publish","type":"page","link":"https:\/\/www.neosa.fr\/?page_id=12","title":{"rendered":"Solutions"},"content":{"rendered":"<p><a href=\"https:\/\/www.neosa.fr\/?page_id=349\">\u2022 Enfocus SWITCH &#8211; PitStop Pro &#8211; ConnectALL<\/a><\/p>\n<p><a title=\"Gestion du patrimoine num\u00e9rique \u2013 DAM\" href=\"https:\/\/www.neosa.fr\/?page_id=87\">\u2022 Gestion du patrimoine num\u00e9rique &#8211; DAM<\/a><\/p>\n<p><a title=\"RIP Harlequin Xitron\" href=\"https:\/\/www.neosa.fr\/?page_id=60\">\u2022 RIP Harlequin Xitron<\/a><\/p>\n<p><a title=\"Sauvegardes\" href=\"https:\/\/www.neosa.fr\/?page_id=46\">\u2022 Sauvegardes<\/a><\/p>\n<p><a title=\"R\u00e9seau et Infrastructure \u2013 S\u00e9curit\u00e9\" href=\"https:\/\/www.neosa.fr\/?page_id=69\">\u2022 R\u00e9seau et Infrastructure &#8211; S\u00e9curit\u00e9<\/a><\/p>\n<p><a title=\"Virtualisation\" href=\"https:\/\/www.neosa.fr\/?page_id=115\">\u2022 Virtualisation<\/a><\/p>\n<p><a title=\"RUMPUS \u2013 Echange de fichiers Web \u2013 WebDAV \u2013 FTP\" href=\"https:\/\/www.neosa.fr\/?page_id=220\">\u2022 RUMPUS &#8211; Echange de fichiers Web &#8211; FTP<\/a><\/p>\n","protected":false},"excerpt":{"rendered":"<p>\u2022 Enfocus SWITCH &#8211; PitStop Pro &#8211; ConnectALL \u2022 Gestion du patrimoine num\u00e9rique &#8211; DAM \u2022 RIP Harlequin Xitron \u2022 Sauvegardes \u2022 R\u00e9seau et Infrastructure &#8211; S\u00e9curit\u00e9 \u2022 Virtualisation \u2022 RUMPUS &#8211; Echange de fichiers Web &#8211; FTP<\/p>\n","protected":false},"author":1,"featured_media":0,"parent":0,"menu_order":0,"comment_status":"closed","ping_status":"closed","template":"","meta":{"footnotes":""},"class_list":["post-12","page","type-page","status-publish","hentry"],"_links":{"self":[{"href":"https:\/\/www.neosa.fr\/index.php?rest_route=\/wp\/v2\/pages\/12","targetHints":{"allow":["GET"]}}],"collection":[{"href":"https:\/\/www.neosa.fr\/index.php?rest_route=\/wp\/v2\/pages"}],"about":[{"href":"https:\/\/www.neosa.fr\/index.php?rest_route=\/wp\/v2\/types\/page"}],"author":[{"embeddable":true,"href":"https:\/\/www.neosa.fr\/index.php?rest_route=\/wp\/v2\/users\/1"}],"replies":[{"embeddable":true,"href":"https:\/\/www.neosa.fr\/index.php?rest_route=%2Fwp%2Fv2%2Fcomments&post=12"}],"version-history":[{"count":6,"href":"https:\/\/www.neosa.fr\/index.php?rest_route=\/wp\/v2\/pages\/12\/revisions"}],"predecessor-version":[{"id":358,"href":"https:\/\/www.neosa.fr\/index.php?rest_route=\/wp\/v2\/pages\/12\/revisions\/358"}],"wp:attachment":[{"href":"https:\/\/www.neosa.fr\/index.php?rest_route=%2Fwp%2Fv2%2Fmedia&parent=12"}],"curies":[{"name":"wp","href":"https:\/\/api.w.org\/{rel}","templated":true}]}}