{"id":14,"date":"2013-11-18T16:47:44","date_gmt":"2013-11-18T15:47:44","guid":{"rendered":"http:\/\/www.neosa.fr\/?page_id=14"},"modified":"2016-03-17T17:48:36","modified_gmt":"2016-03-17T16:48:36","slug":"contact","status":"publish","type":"page","link":"https:\/\/www.neosa.fr\/?page_id=14","title":{"rendered":"Contactez nous"},"content":{"rendered":"<p>NEOSA \u2022 3 Rue des Ajoncs \u2022 35520 Melesse\u00a0<img loading=\"lazy\" decoding=\"async\" class=\"wp-image-93 alignright\" src=\"https:\/\/www.neosa.fr\/wp-content\/uploads\/2013\/11\/contactez_nous-300x265.jpg\" alt=\"Contactez nous\" width=\"85\" height=\"74\" srcset=\"https:\/\/www.neosa.fr\/wp-content\/uploads\/2013\/11\/contactez_nous-300x265.jpg 300w, https:\/\/www.neosa.fr\/wp-content\/uploads\/2013\/11\/contactez_nous.jpg 418w\" sizes=\"auto, (max-width: 85px) 100vw, 85px\" \/><\/p>\n<p>T\u00e9l. : +33 6 74 39 27 77<\/p>\n<p><a href=\"mailto:contact@neosa.fr\"><img loading=\"lazy\" decoding=\"async\" class=\" wp-image-99 alignleft\" src=\"https:\/\/www.neosa.fr\/wp-content\/uploads\/2013\/11\/contact_email-300x37.jpg\" alt=\"contact_email\" width=\"180\" height=\"22\" srcset=\"https:\/\/www.neosa.fr\/wp-content\/uploads\/2013\/11\/contact_email-300x37.jpg 300w, https:\/\/www.neosa.fr\/wp-content\/uploads\/2013\/11\/contact_email.jpg 800w\" sizes=\"auto, (max-width: 180px) 100vw, 180px\" \/><\/a><\/p>\n<p>&nbsp;<\/p>\n<p>Vous pouvez aussi remplir le formulaire ci dessous, nous vous contactons dans les plus brefs d\u00e9lais.<\/p>\n\n<div class=\"wpcf7 no-js\" id=\"wpcf7-f332-o1\" lang=\"fr-FR\" dir=\"ltr\" data-wpcf7-id=\"332\">\n<div class=\"screen-reader-response\"><p role=\"status\" aria-live=\"polite\" aria-atomic=\"true\"><\/p> <ul><\/ul><\/div>\n<form action=\"\/index.php?rest_route=%2Fwp%2Fv2%2Fpages%2F14#wpcf7-f332-o1\" method=\"post\" class=\"wpcf7-form init\" aria-label=\"Formulaire de contact\" novalidate=\"novalidate\" data-status=\"init\">\n<fieldset class=\"hidden-fields-container\"><input type=\"hidden\" name=\"_wpcf7\" value=\"332\" \/><input type=\"hidden\" name=\"_wpcf7_version\" value=\"6.1.5\" \/><input type=\"hidden\" name=\"_wpcf7_locale\" value=\"fr_FR\" \/><input type=\"hidden\" name=\"_wpcf7_unit_tag\" value=\"wpcf7-f332-o1\" \/><input type=\"hidden\" name=\"_wpcf7_container_post\" value=\"0\" \/><input type=\"hidden\" name=\"_wpcf7_posted_data_hash\" value=\"\" \/><input type=\"hidden\" name=\"_wpcf7_recaptcha_response\" value=\"\" \/>\n<\/fieldset>\n<p>Civilit&eacute;\n<\/p>\n<p><span class=\"wpcf7-form-control-wrap\" data-name=\"menu-767\"><select class=\"wpcf7-form-control wpcf7-select\" id=\"your-civilite\" aria-invalid=\"false\" name=\"menu-767\"><option value=\"\">&#8212;Veuillez choisir une option&#8212;<\/option><option value=\"M.\">M.<\/option><option value=\"Mme.\">Mme.<\/option><option value=\"Mlle.\">Mlle.<\/option><\/select><\/span>\n<\/p>\n<p>Votre nom (obligatoire) :\n<\/p>\n<p><span class=\"wpcf7-form-control-wrap\" data-name=\"your-name\"><input size=\"40\" maxlength=\"400\" class=\"wpcf7-form-control wpcf7-text wpcf7-validates-as-required\" aria-required=\"true\" aria-invalid=\"false\" value=\"\" type=\"text\" name=\"your-name\" \/><\/span>\n<\/p>\n<p>Votre email (obligatoire) :\n<\/p>\n<p><span class=\"wpcf7-form-control-wrap\" data-name=\"your-email\"><input size=\"40\" maxlength=\"400\" class=\"wpcf7-form-control wpcf7-email wpcf7-validates-as-required wpcf7-text wpcf7-validates-as-email\" aria-required=\"true\" aria-invalid=\"false\" value=\"\" type=\"email\" name=\"your-email\" \/><\/span>\n<\/p>\n<p>Votre t&eacute;l&eacute;phone (obligatoire) :\n<\/p>\n<p><span class=\"wpcf7-form-control-wrap\" data-name=\"tel-676\"><input size=\"40\" maxlength=\"400\" class=\"wpcf7-form-control wpcf7-tel wpcf7-validates-as-required wpcf7-text wpcf7-validates-as-tel\" id=\"your-telephone\" aria-required=\"true\" aria-invalid=\"false\" value=\"\" type=\"tel\" name=\"tel-676\" \/><\/span>\n<\/p>\n<p>- Votre Soci&eacute;t&eacute; :\n<\/p>\n<p><span class=\"wpcf7-form-control-wrap\" data-name=\"text-279\"><input size=\"40\" maxlength=\"400\" class=\"wpcf7-form-control wpcf7-text\" id=\"societe\" aria-invalid=\"false\" value=\"\" type=\"text\" name=\"text-279\" \/><\/span>\n<\/p>\n<p>- Sujet\/Objet de votre demande :\n<\/p>\n<p><span class=\"wpcf7-form-control-wrap\" data-name=\"your-subject\"><input size=\"40\" maxlength=\"400\" class=\"wpcf7-form-control wpcf7-text\" aria-invalid=\"false\" value=\"\" type=\"text\" name=\"your-subject\" \/><\/span>\n<\/p>\n<p>Votre message :\n<\/p>\n<p><span class=\"wpcf7-form-control-wrap\" data-name=\"your-message\"><textarea cols=\"40\" rows=\"10\" maxlength=\"2000\" class=\"wpcf7-form-control wpcf7-textarea\" aria-invalid=\"false\" name=\"your-message\"><\/textarea><\/span>\n<\/p>\n<p>Cliquez sur \"Envoyer\" ci dessous...\n<\/p>\n<p><input class=\"wpcf7-form-control wpcf7-submit has-spinner\" type=\"submit\" value=\"Envoyer\" \/>\n<\/p><div class=\"wpcf7-response-output\" aria-hidden=\"true\"><\/div>\n<\/form>\n<\/div>\n\n<p>L&rsquo;utilisateur est inform\u00e9 que les donn\u00e9es recueillies dans le cadre du formulaire de contact, services personnalis\u00e9s ou tout autre questionnaires le sont dans un cadre strictement confidentiel et\u00a0ne seront jamais retransmises \u00e0 des tiers non autoris\u00e9s.<\/p>\n<p>Conform\u00e9ment \u00e0 la loi \u00ab\u00a0Informatique et Libert\u00e9s\u00a0\u00bb du 6 janvier 1978 modifi\u00e9e par la loi du 6 ao\u00fbt 2004 (articles 38 \u00e0 43 de la loi n\u00b0 78-17 du 6 janvier 1978 relative \u00e0 l&rsquo;informatique, aux fichiers et aux libert\u00e9s),vous pouvez exercer votre droit d&rsquo;acc\u00e8s aux informations et le cas \u00e9ch\u00e9ant votre droit de rectification ou de retrait des informations vous concernant en \u00e9crivant \u00e0 NEOSA, 3 rue des Ajoncs, 35520 MELESSE.<\/p>\n<p>Pour toute information sur la protection des donn\u00e9es personnelles, vous pouvez consulter le site de la Commission Informatique et Libert\u00e9 <a href=\"http:\/\/www.cnil.fr\/\">http:\/\/www.cnil.fr<\/a>.<\/p>\n","protected":false},"excerpt":{"rendered":"<p>NEOSA \u2022 3 Rue des Ajoncs \u2022 35520 Melesse\u00a0 T\u00e9l. : +33 6 74 39 27 77 &nbsp; Vous pouvez aussi remplir le formulaire ci dessous, nous vous contactons dans les plus brefs d\u00e9lais. L&rsquo;utilisateur est inform\u00e9 que les donn\u00e9es recueillies dans le cadre du formulaire de contact, services personnalis\u00e9s ou tout autre questionnaires le&hellip;<\/p>\n","protected":false},"author":1,"featured_media":0,"parent":0,"menu_order":2,"comment_status":"closed","ping_status":"closed","template":"","meta":{"footnotes":""},"class_list":["post-14","page","type-page","status-publish","hentry"],"_links":{"self":[{"href":"https:\/\/www.neosa.fr\/index.php?rest_route=\/wp\/v2\/pages\/14","targetHints":{"allow":["GET"]}}],"collection":[{"href":"https:\/\/www.neosa.fr\/index.php?rest_route=\/wp\/v2\/pages"}],"about":[{"href":"https:\/\/www.neosa.fr\/index.php?rest_route=\/wp\/v2\/types\/page"}],"author":[{"embeddable":true,"href":"https:\/\/www.neosa.fr\/index.php?rest_route=\/wp\/v2\/users\/1"}],"replies":[{"embeddable":true,"href":"https:\/\/www.neosa.fr\/index.php?rest_route=%2Fwp%2Fv2%2Fcomments&post=14"}],"version-history":[{"count":8,"href":"https:\/\/www.neosa.fr\/index.php?rest_route=\/wp\/v2\/pages\/14\/revisions"}],"predecessor-version":[{"id":333,"href":"https:\/\/www.neosa.fr\/index.php?rest_route=\/wp\/v2\/pages\/14\/revisions\/333"}],"wp:attachment":[{"href":"https:\/\/www.neosa.fr\/index.php?rest_route=%2Fwp%2Fv2%2Fmedia&parent=14"}],"curies":[{"name":"wp","href":"https:\/\/api.w.org\/{rel}","templated":true}]}}