{"id":21,"date":"2013-11-18T17:30:10","date_gmt":"2013-11-18T16:30:10","guid":{"rendered":"http:\/\/www.neosa.fr\/?page_id=21"},"modified":"2020-03-13T14:42:00","modified_gmt":"2020-03-13T13:42:00","slug":"rfrences","status":"publish","type":"page","link":"https:\/\/www.neosa.fr\/?page_id=21","title":{"rendered":"R\u00e9f\u00e9rences"},"content":{"rendered":"<p><em><strong>EDILARGE &#8211; Cap diffusion<\/strong><\/em> \u00e0 Rennes (35)<a href=\"http:\/\/www.editionsouestfrance.eu\" target=\"_blank\" rel=\"noopener\"><img loading=\"lazy\" decoding=\"async\" class=\"wp-image-132 alignleft\" style=\"margin: 4px;\" src=\"https:\/\/www.neosa.fr\/wp-content\/uploads\/2013\/11\/Edilarge_editions_Ouest-France_logo-218x300.png\" alt=\"Edilarge_editions_Ouest-France_(logo)\" width=\"95\" height=\"131\" srcset=\"https:\/\/www.neosa.fr\/wp-content\/uploads\/2013\/11\/Edilarge_editions_Ouest-France_logo-218x300.png 218w, https:\/\/www.neosa.fr\/wp-content\/uploads\/2013\/11\/Edilarge_editions_Ouest-France_logo.png 321w\" sizes=\"auto, (max-width: 95px) 100vw, 95px\" \/><\/a><\/p>\n<p>\u2022 Mise en place d&rsquo;un environnement virtualis\u00e9 Proxmox<br \/>\n\u2022 Migration des serveurs Mac OS X vers Linux RedHat\/CentOS<br \/>\n\u2022 Serveur de polices Extensis &#8211; Flux de travail PDF Callas<br \/>\n\u2022 Mise en place d&rsquo;un portail technique documentaire <span style=\"color: #000000;\"><span style=\"color: #000000;\"><a title=\"Wikipedia fonctionne \u00e0 l'aide de Mediawiki\" href=\"http:\/\/www.mediawiki.org\/wiki\/MediaWiki\/fr\" target=\"_blank\" rel=\"noopener\">Mediawiki<\/a><\/span><\/span><br \/>\n\u2022 S\u00e9curit\u00e9 r\u00e9seau : pare-feu (firewall) redondant Opensource<\/p>\n<hr \/>\n<p><a href=\"http:\/\/www.grapheti.com\" target=\"_blank\" rel=\"noopener\"><em><strong><img loading=\"lazy\" decoding=\"async\" class=\"wp-image-157 alignleft\" src=\"https:\/\/www.neosa.fr\/wp-content\/uploads\/2013\/11\/grapheti_logo.jpg\" alt=\"grapheti_logo\" width=\"142\" height=\"23\" \/><\/strong><\/em><\/a><em><strong>GRAPH&amp;TI<\/strong><\/em> &#8211; Cesson S\u00e9vign\u00e9 (35)<\/p>\n<p>\u2022 Sauvegarde et synchronisation de donn\u00e9es site \u00e0 site<br \/>\n\u2022 Assistance Technique sur le parc Apple<br \/>\n\u2022 Mise en place d&rsquo;un serveur Linux RedHat (AFP, Samba, FTP&#8230;)<\/p>\n<hr \/>\n<p>&nbsp;<\/p>\n<p><a href=\"http:\/\/www.ille-et-vilaine.fr\/fr\"><img loading=\"lazy\" decoding=\"async\" class=\"alignleft wp-image-286\" src=\"https:\/\/www.neosa.fr\/wp-content\/uploads\/2015\/04\/Logo_ille-vilaine.jpg\" alt=\"Logo_ille-vilaine\" width=\"123\" height=\"79\" srcset=\"https:\/\/www.neosa.fr\/wp-content\/uploads\/2015\/04\/Logo_ille-vilaine.jpg 962w, https:\/\/www.neosa.fr\/wp-content\/uploads\/2015\/04\/Logo_ille-vilaine-300x193.jpg 300w, https:\/\/www.neosa.fr\/wp-content\/uploads\/2015\/04\/Logo_ille-vilaine-600x387.jpg 600w\" sizes=\"auto, (max-width: 123px) 100vw, 123px\" \/><\/a><em><strong>Conseil G\u00e9n\u00e9ral d&rsquo;Ille et Vilaine<\/strong><\/em> &#8211; Rennes (35)<\/p>\n<p>\u2022 Audit et remplacement du flux de production fichiers PDF<br \/>\n\u2022 Fourniture et mise en place d&rsquo;une solution <strong>Enfocus<\/strong> PitStop2Switch<br \/>\n\u2022 Automatisation de la production et normalisation des fichiers PDF<\/p>\n<hr \/>\n<p><a href=\"http:\/\/www.drde.fr\/\"><img loading=\"lazy\" decoding=\"async\" class=\"wp-image-289 alignleft\" src=\"https:\/\/www.neosa.fr\/wp-content\/uploads\/2015\/04\/logo-drde.png\" alt=\"logo-drde\" width=\"101\" height=\"100\" srcset=\"https:\/\/www.neosa.fr\/wp-content\/uploads\/2015\/04\/logo-drde.png 122w, https:\/\/www.neosa.fr\/wp-content\/uploads\/2015\/04\/logo-drde-50x50.png 50w\" sizes=\"auto, (max-width: 101px) 100vw, 101px\" \/><\/a><\/p>\n<p><em><strong>Des Ronds Dans L&rsquo;eau<\/strong><\/em> &#8211; Tr\u00e9gueux (22)<\/p>\n<p>\u2022 Migration du parc informatique Apple<br \/>\n\u2022 Serveur Mac OS X Server et sauvegarde centralis\u00e9e Archiware PresStore<\/p>\n<hr \/>\n<p><em><strong><img loading=\"lazy\" decoding=\"async\" class=\" wp-image-392 alignleft\" src=\"https:\/\/www.neosa.fr\/wp-content\/uploads\/2018\/04\/logo-micro-lynx-150x150.png\" alt=\"\" width=\"111\" height=\"111\" srcset=\"https:\/\/www.neosa.fr\/wp-content\/uploads\/2018\/04\/logo-micro-lynx-150x150.png 150w, https:\/\/www.neosa.fr\/wp-content\/uploads\/2018\/04\/logo-micro-lynx-300x300.png 300w, https:\/\/www.neosa.fr\/wp-content\/uploads\/2018\/04\/logo-micro-lynx-50x50.png 50w, https:\/\/www.neosa.fr\/wp-content\/uploads\/2018\/04\/logo-micro-lynx.png 400w\" sizes=\"auto, (max-width: 111px) 100vw, 111px\" \/><\/strong><\/em><\/p>\n<p><em><strong>Microlynx<\/strong> <\/em>&#8211; Rennes (35)<\/p>\n<p>\u2022 <strong>Enfocus<\/strong> SWITCH<br \/>\nAutomatisation des traitements PDF : r\u00e9ception, contr\u00f4le et distribution des fichiers<\/p>\n<p>&nbsp;<\/p>\n<hr \/>\n<p><em><strong><img loading=\"lazy\" decoding=\"async\" class=\"wp-image-393 alignleft\" src=\"https:\/\/www.neosa.fr\/wp-content\/uploads\/2018\/04\/colibri-logo-150x150.jpg\" alt=\"\" width=\"104\" height=\"98\" \/>Colibri Imprimeur<\/strong><\/em> &#8211; Cesson S\u00e9vign\u00e9 (35)<\/p>\n<p>\u2022 <strong>Enfocus<\/strong> SWITCH et automatisation PDF<br \/>\n\u2022 RIP Harlequin et CTP Cron<br \/>\n\u2022 R\u00e9seau, sauvegarde<\/p>\n<hr \/>\n<p><img loading=\"lazy\" decoding=\"async\" class=\" wp-image-394 alignleft\" src=\"https:\/\/www.neosa.fr\/wp-content\/uploads\/2018\/04\/logo-editions-d-art-jack.png\" alt=\"\" width=\"103\" height=\"99\" \/><br \/>\n<em><strong>Editions Jack<\/strong><\/em> &#8211; Louannec (22)<br \/>\n\u2022 Infog\u00e9rance et migration du parc informatique PAO<\/p>\n<p>&nbsp;<\/p>\n<hr \/>\n<p><img loading=\"lazy\" decoding=\"async\" class=\"alignleft  wp-image-439\" src=\"https:\/\/www.neosa.fr\/wp-content\/uploads\/2020\/03\/rennes-metropole_PNG-300x168.png\" alt=\"\" width=\"223\" height=\"125\" \/><em><strong><br \/>\nRennes M\u00e9tropole<\/strong><\/em>\u00a0Service Imprimerie \/ Reprographie &#8211; Rennes (35)<br \/>\n\u2022 Solutions d&rsquo;automatisations PDF Enfocus SWITCH<br \/>\n\u2022 Imposition automatis\u00e9es<br \/>\n\u2022 Automatisation de l&rsquo;am\u00e9lioration des traitements des bulletins de salaire<\/p>\n<p>&nbsp;<\/p>\n<p>&nbsp;<\/p>\n","protected":false},"excerpt":{"rendered":"<p>EDILARGE &#8211; Cap diffusion \u00e0 Rennes (35) \u2022 Mise en place d&rsquo;un environnement virtualis\u00e9 Proxmox \u2022 Migration des serveurs Mac OS X vers Linux RedHat\/CentOS \u2022 Serveur de polices Extensis &#8211; Flux de travail PDF Callas \u2022 Mise en place d&rsquo;un portail technique documentaire Mediawiki \u2022 S\u00e9curit\u00e9 r\u00e9seau : pare-feu (firewall) redondant Opensource GRAPH&amp;TI &#8211;&hellip;<\/p>\n","protected":false},"author":1,"featured_media":0,"parent":0,"menu_order":3,"comment_status":"closed","ping_status":"open","template":"","meta":{"footnotes":""},"class_list":["post-21","page","type-page","status-publish","hentry"],"_links":{"self":[{"href":"https:\/\/www.neosa.fr\/index.php?rest_route=\/wp\/v2\/pages\/21","targetHints":{"allow":["GET"]}}],"collection":[{"href":"https:\/\/www.neosa.fr\/index.php?rest_route=\/wp\/v2\/pages"}],"about":[{"href":"https:\/\/www.neosa.fr\/index.php?rest_route=\/wp\/v2\/types\/page"}],"author":[{"embeddable":true,"href":"https:\/\/www.neosa.fr\/index.php?rest_route=\/wp\/v2\/users\/1"}],"replies":[{"embeddable":true,"href":"https:\/\/www.neosa.fr\/index.php?rest_route=%2Fwp%2Fv2%2Fcomments&post=21"}],"version-history":[{"count":17,"href":"https:\/\/www.neosa.fr\/index.php?rest_route=\/wp\/v2\/pages\/21\/revisions"}],"predecessor-version":[{"id":440,"href":"https:\/\/www.neosa.fr\/index.php?rest_route=\/wp\/v2\/pages\/21\/revisions\/440"}],"wp:attachment":[{"href":"https:\/\/www.neosa.fr\/index.php?rest_route=%2Fwp%2Fv2%2Fmedia&parent=21"}],"curies":[{"name":"wp","href":"https:\/\/api.w.org\/{rel}","templated":true}]}}