{"id":220,"date":"2014-02-12T12:33:53","date_gmt":"2014-02-12T11:33:53","guid":{"rendered":"http:\/\/www.neosa.fr\/?page_id=220"},"modified":"2014-02-12T18:07:08","modified_gmt":"2014-02-12T17:07:08","slug":"rumpus-echange-de-fichiers-web-webdav-ftp","status":"publish","type":"page","link":"https:\/\/www.neosa.fr\/?page_id=220","title":{"rendered":"RUMPUS &#8211; Echange de fichiers Web &#8211; WebDAV &#8211; FTP"},"content":{"rendered":"<p><strong><a href=\"https:\/\/www.neosa.fr\/wp-content\/uploads\/2014\/02\/Rumpus7Logo64.png\"><img loading=\"lazy\" decoding=\"async\" class=\"alignleft size-medium wp-image-226\" alt=\"Rumpus7Logo64\" src=\"https:\/\/www.neosa.fr\/wp-content\/uploads\/2014\/02\/Rumpus7Logo64-300x53.png\" width=\"300\" height=\"53\" srcset=\"https:\/\/www.neosa.fr\/wp-content\/uploads\/2014\/02\/Rumpus7Logo64-300x53.png 300w, https:\/\/www.neosa.fr\/wp-content\/uploads\/2014\/02\/Rumpus7Logo64.png 354w\" sizes=\"auto, (max-width: 300px) 100vw, 300px\" \/><\/a>Rumpus<\/strong>\u00a0est le logiciel le plus intuitif pour mettre en place votre propre serveur FTP et transfert de fichiers via le Web ou FTP.<br \/>\nCollaborez avec vos clients et fournisseurs tout en partageant vos documents, au sein d&rsquo;une interface simple et facile d&rsquo;utilisation. Vos correspondants peuvent d\u00e9poser, visualiser ou t\u00e9l\u00e9charger les documents \u00a0mis \u00e0 leur disposition, en toute s\u00e9curit\u00e9, en toute simplicit\u00e9.<br \/>\nUtilisable depuis un navigateur Internet (Firefox, Internet Explorer, Safari&#8230;), Rumpus vous offre la possibilit\u00e9 de contourner l&rsquo;utilisation d&rsquo;un logiciel client FTP.<br \/>\nRumpus est historiquement une application con\u00e7ue pour Mac, mais existe aussi pour les environnements Windows ! Rumpus s&rsquo;installe sur tout Mac PowerPc ou Intel, depuis MacOs X 10.5 ou PC\u00a0Windows 8, 7, Vista, XP SP3, Server 2003\/2008.<\/p>\n<p>Rumpus est \u00e9dit\u00e9 par\u00a0<a href=\"http:\/\/www.maxum.com\" target=\"_blank\"><strong>Maxum<\/strong><\/a>\u00a0aux Etats-Unis.<\/p>\n<p><b>NEOSA\u00a0<\/b>vous assure installation et prise en main, mais \u00e9galement assistance \u00e0 l&rsquo;utilisation.<\/p>\n<p>&nbsp;<\/p>\n","protected":false},"excerpt":{"rendered":"<p>Rumpus\u00a0est le logiciel le plus intuitif pour mettre en place votre propre serveur FTP et transfert de fichiers via le Web ou FTP. Collaborez avec vos clients et fournisseurs tout en partageant vos documents, au sein d&rsquo;une interface simple et facile d&rsquo;utilisation. Vos correspondants peuvent d\u00e9poser, visualiser ou t\u00e9l\u00e9charger les documents \u00a0mis \u00e0 leur disposition,&hellip;<\/p>\n","protected":false},"author":1,"featured_media":0,"parent":12,"menu_order":0,"comment_status":"closed","ping_status":"open","template":"","meta":{"footnotes":""},"class_list":["post-220","page","type-page","status-publish","hentry"],"_links":{"self":[{"href":"https:\/\/www.neosa.fr\/index.php?rest_route=\/wp\/v2\/pages\/220","targetHints":{"allow":["GET"]}}],"collection":[{"href":"https:\/\/www.neosa.fr\/index.php?rest_route=\/wp\/v2\/pages"}],"about":[{"href":"https:\/\/www.neosa.fr\/index.php?rest_route=\/wp\/v2\/types\/page"}],"author":[{"embeddable":true,"href":"https:\/\/www.neosa.fr\/index.php?rest_route=\/wp\/v2\/users\/1"}],"replies":[{"embeddable":true,"href":"https:\/\/www.neosa.fr\/index.php?rest_route=%2Fwp%2Fv2%2Fcomments&post=220"}],"version-history":[{"count":3,"href":"https:\/\/www.neosa.fr\/index.php?rest_route=\/wp\/v2\/pages\/220\/revisions"}],"predecessor-version":[{"id":228,"href":"https:\/\/www.neosa.fr\/index.php?rest_route=\/wp\/v2\/pages\/220\/revisions\/228"}],"up":[{"embeddable":true,"href":"https:\/\/www.neosa.fr\/index.php?rest_route=\/wp\/v2\/pages\/12"}],"wp:attachment":[{"href":"https:\/\/www.neosa.fr\/index.php?rest_route=%2Fwp%2Fv2%2Fmedia&parent=220"}],"curies":[{"name":"wp","href":"https:\/\/api.w.org\/{rel}","templated":true}]}}