{"id":349,"date":"2017-01-22T16:14:52","date_gmt":"2017-01-22T15:14:52","guid":{"rendered":"http:\/\/www.neosa.fr\/?page_id=349"},"modified":"2017-01-22T16:15:45","modified_gmt":"2017-01-22T15:15:45","slug":"enfocus-swicth-pitstop-pro-serveur-connectall","status":"publish","type":"page","link":"https:\/\/www.neosa.fr\/?page_id=349","title":{"rendered":"Enfocus SWICTH &#8211; PitStop Pro &#038; Serveur &#8211; ConnectALL"},"content":{"rendered":"<p><img loading=\"lazy\" decoding=\"async\" class=\"alignleft wp-image-352\" src=\"https:\/\/www.neosa.fr\/wp-content\/uploads\/2017\/01\/switch_13.png\" alt=\"switch_13\" width=\"303\" height=\"98\" srcset=\"https:\/\/www.neosa.fr\/wp-content\/uploads\/2017\/01\/switch_13.png 571w, https:\/\/www.neosa.fr\/wp-content\/uploads\/2017\/01\/switch_13-300x97.png 300w\" sizes=\"auto, (max-width: 303px) 100vw, 303px\" \/>Vous recherchez une solution qui vous permette <strong>d&rsquo;automatiser et robotiser<\/strong> votre production de fichiers ?<br \/>\nVous d\u00e9sirez assurez un <strong>contr\u00f4le qualit\u00e9<\/strong> de vos fichiers PDF ?<br \/>\nVous souhaitez <strong>distribuez et recevoir<\/strong> des fichiers conformes \u00e0 vos imp\u00e9ratifs de production ?<\/p>\n<p><em><strong>Enfocus SWITCH<\/strong><\/em> r\u00e9pond \u00e0 vos attentes !<\/p>\n<p><strong><a href=\"https:\/\/www.neosa.fr\/?page_id=14\" target=\"_blank\">Contactez nous<\/a><\/strong> pour une demande d&rsquo;informations et une \u00e9tude personnalis\u00e9e de votre projet.<\/p>\n<p>Les solutions Enfocus sont disponibles pour vous aider et am\u00e9liorer vos processus au quotidien :<\/p>\n<p>\u2022 R\u00e9ception, tri, rangement et distribution automatique et vos fichiers, quelque soit le format,<br \/>\n\u2022 Conversion automatique de formats <a href=\"https:\/\/www.neosa.fr\/?page_id=14\" target=\"_blank\">(liste sur demande)<\/a>,<br \/>\n\u2022 Contr\u00f4le qualit\u00e9 et corrections de vos PDF \u00e0 l&rsquo;aide de PitStop Pro ou PitStop Serveur,<br \/>\n\u2022 Traitement 100% automatique et autonome,<br \/>\n\u2022 Pilotage d&rsquo;applications,<br \/>\n\u2022 Interconnexion avec vos \u00e9quipements d&rsquo;impression num\u00e9rique <a href=\"http:\/\/www8.hp.com\/fr\/fr\/commercial-printers\/indigo-presses\/overview.html\" target=\"_blank\"><strong>HP Indigo<\/strong><\/a>,<br \/>\n\u2022 Connexion \u00e0 des bases de donn\u00e9es<\/p>\n<p>Coupl\u00e9 aux produits PitStop Serveur et ConnectALL, vous assurerez une mise en conformit\u00e9 de vos fichiers PDF, des corrections et modifications automatiques, un suivi de votre production et une qualit\u00e9 aupr\u00e8s de vos Clients.<\/p>\n<p><img loading=\"lazy\" decoding=\"async\" class=\" wp-image-355 aligncenter\" src=\"https:\/\/www.neosa.fr\/wp-content\/uploads\/2017\/01\/PITSTOP_AND_CONNECT.png\" alt=\"PITSTOP_AND_CONNECT\" width=\"524\" height=\"89\" srcset=\"https:\/\/www.neosa.fr\/wp-content\/uploads\/2017\/01\/PITSTOP_AND_CONNECT.png 1059w, https:\/\/www.neosa.fr\/wp-content\/uploads\/2017\/01\/PITSTOP_AND_CONNECT-300x51.png 300w, https:\/\/www.neosa.fr\/wp-content\/uploads\/2017\/01\/PITSTOP_AND_CONNECT-768x131.png 768w, https:\/\/www.neosa.fr\/wp-content\/uploads\/2017\/01\/PITSTOP_AND_CONNECT-1024x174.png 1024w, https:\/\/www.neosa.fr\/wp-content\/uploads\/2017\/01\/PITSTOP_AND_CONNECT-600x102.png 600w\" sizes=\"auto, (max-width: 524px) 100vw, 524px\" \/><\/p>\n<p>Hautement personnalisable, <strong>Enfocus SWITCH<\/strong> vous permet de fabriquer des flux de traitements sp\u00e9cifiques \u00e0 vos attentes.<\/p>\n<p><img loading=\"lazy\" decoding=\"async\" class=\" wp-image-350 aligncenter\" src=\"https:\/\/www.neosa.fr\/wp-content\/uploads\/2017\/01\/SWITCH_Schema.png\" alt=\"SWITCH_Schema\" width=\"541\" height=\"409\" srcset=\"https:\/\/www.neosa.fr\/wp-content\/uploads\/2017\/01\/SWITCH_Schema.png 1702w, https:\/\/www.neosa.fr\/wp-content\/uploads\/2017\/01\/SWITCH_Schema-300x227.png 300w, https:\/\/www.neosa.fr\/wp-content\/uploads\/2017\/01\/SWITCH_Schema-768x580.png 768w, https:\/\/www.neosa.fr\/wp-content\/uploads\/2017\/01\/SWITCH_Schema-1024x774.png 1024w, https:\/\/www.neosa.fr\/wp-content\/uploads\/2017\/01\/SWITCH_Schema-600x453.png 600w\" sizes=\"auto, (max-width: 541px) 100vw, 541px\" \/><\/p>\n<p><strong><a href=\"https:\/\/www.neosa.fr\/?page_id=14\" target=\"_blank\">Contactez nous<\/a><\/strong> pour une demande d&rsquo;informations et une \u00e9tude personnalis\u00e9e de votre projet.<\/p>\n<p>&nbsp;<\/p>\n","protected":false},"excerpt":{"rendered":"<p>Vous recherchez une solution qui vous permette d&rsquo;automatiser et robotiser votre production de fichiers ? Vous d\u00e9sirez assurez un contr\u00f4le qualit\u00e9 de vos fichiers PDF ? Vous souhaitez distribuez et recevoir des fichiers conformes \u00e0 vos imp\u00e9ratifs de production ? Enfocus SWITCH r\u00e9pond \u00e0 vos attentes ! Contactez nous pour une demande d&rsquo;informations et une&hellip;<\/p>\n","protected":false},"author":1,"featured_media":0,"parent":12,"menu_order":0,"comment_status":"closed","ping_status":"closed","template":"","meta":{"footnotes":""},"class_list":["post-349","page","type-page","status-publish","hentry"],"_links":{"self":[{"href":"https:\/\/www.neosa.fr\/index.php?rest_route=\/wp\/v2\/pages\/349","targetHints":{"allow":["GET"]}}],"collection":[{"href":"https:\/\/www.neosa.fr\/index.php?rest_route=\/wp\/v2\/pages"}],"about":[{"href":"https:\/\/www.neosa.fr\/index.php?rest_route=\/wp\/v2\/types\/page"}],"author":[{"embeddable":true,"href":"https:\/\/www.neosa.fr\/index.php?rest_route=\/wp\/v2\/users\/1"}],"replies":[{"embeddable":true,"href":"https:\/\/www.neosa.fr\/index.php?rest_route=%2Fwp%2Fv2%2Fcomments&post=349"}],"version-history":[{"count":3,"href":"https:\/\/www.neosa.fr\/index.php?rest_route=\/wp\/v2\/pages\/349\/revisions"}],"predecessor-version":[{"id":357,"href":"https:\/\/www.neosa.fr\/index.php?rest_route=\/wp\/v2\/pages\/349\/revisions\/357"}],"up":[{"embeddable":true,"href":"https:\/\/www.neosa.fr\/index.php?rest_route=\/wp\/v2\/pages\/12"}],"wp:attachment":[{"href":"https:\/\/www.neosa.fr\/index.php?rest_route=%2Fwp%2Fv2%2Fmedia&parent=349"}],"curies":[{"name":"wp","href":"https:\/\/api.w.org\/{rel}","templated":true}]}}