{"id":5,"date":"2013-11-18T16:29:49","date_gmt":"2013-11-18T15:29:49","guid":{"rendered":"http:\/\/www.neosa.fr\/?page_id=5"},"modified":"2013-11-25T10:17:39","modified_gmt":"2013-11-25T09:17:39","slug":"services","status":"publish","type":"page","link":"https:\/\/www.neosa.fr\/?page_id=5","title":{"rendered":"Services"},"content":{"rendered":"<p>NEOSA vous propose des solutions de services et de produits adapt\u00e9s \u00e0 vos besoins.<\/p>\n<p>Que vous soyez utilisateurs sous Mac OS X, Windows ou Linux, nous sommes \u00e0 votre \u00e9coute et construirons ensemble ce qui fera votre r\u00e9ussite.<\/p>\n<p>Mac OS X, Windows et aussi Linux, NEOSA vous accompagne tout au long du projet : \u00e9tude, faisabilit\u00e9, accompagnement et suivi technique.<\/p>\n<p><a href=\"https:\/\/www.neosa.fr\/wp-content\/uploads\/2013\/11\/apple_logo_black_small.png\"><img loading=\"lazy\" decoding=\"async\" class=\"wp-image-111 alignleft\" style=\"margin: 4px;\" alt=\"apple_logo_black_small\" src=\"https:\/\/www.neosa.fr\/wp-content\/uploads\/2013\/11\/apple_logo_black_small.png\" width=\"32\" height=\"39\" \/><\/a>\u00a0Fort d&rsquo;une longue exp\u00e9rience Apple (depuis pr\u00e8s de 20 ans), Neosa vous propose la gestion et la prise en charge de \u00a0votre parc informatique Apple :<\/p>\n<ul>\n<li>Mise ne route, param\u00e9trage, int\u00e9gration,<\/li>\n<li>Assistance, contrats d&rsquo;assistance, formation,<\/li>\n<li>Postes clients (iMac, MacPro, MacMini, iPad&#8230;) mais \u00e9galement serveurs,<\/li>\n<li>Applications et logiciels Apple (Mac OS X, iWork&#8230;)<\/li>\n<\/ul>\n<p><a href=\"https:\/\/www.neosa.fr\/wp-content\/uploads\/2013\/11\/tux_small.jpg\"><img loading=\"lazy\" decoding=\"async\" class=\"wp-image-112 alignleft\" style=\"margin: 4px;\" alt=\"tux_small\" src=\"https:\/\/www.neosa.fr\/wp-content\/uploads\/2013\/11\/tux_small.jpg\" width=\"55\" height=\"54\" srcset=\"https:\/\/www.neosa.fr\/wp-content\/uploads\/2013\/11\/tux_small.jpg 152w, https:\/\/www.neosa.fr\/wp-content\/uploads\/2013\/11\/tux_small-150x150.jpg 150w, https:\/\/www.neosa.fr\/wp-content\/uploads\/2013\/11\/tux_small-50x50.jpg 50w\" sizes=\"auto, (max-width: 55px) 100vw, 55px\" \/><\/a>\u00a0Installation, suivi de production, int\u00e9gration au sein des r\u00e9seaux Windows\/Apple, Neosa vous conseille et vous \u00a0aide \u00e0 la mise en place \u00a0de solutions Linux\/Unix : RedHat, CentOS, Ubuntu&#8230;<\/p>\n","protected":false},"excerpt":{"rendered":"<p>NEOSA vous propose des solutions de services et de produits adapt\u00e9s \u00e0 vos besoins. Que vous soyez utilisateurs sous Mac OS X, Windows ou Linux, nous sommes \u00e0 votre \u00e9coute et construirons ensemble ce qui fera votre r\u00e9ussite. Mac OS X, Windows et aussi Linux, NEOSA vous accompagne tout au long du projet : \u00e9tude,&hellip;<\/p>\n","protected":false},"author":1,"featured_media":0,"parent":0,"menu_order":0,"comment_status":"closed","ping_status":"closed","template":"","meta":{"footnotes":""},"class_list":["post-5","page","type-page","status-publish","hentry"],"_links":{"self":[{"href":"https:\/\/www.neosa.fr\/index.php?rest_route=\/wp\/v2\/pages\/5","targetHints":{"allow":["GET"]}}],"collection":[{"href":"https:\/\/www.neosa.fr\/index.php?rest_route=\/wp\/v2\/pages"}],"about":[{"href":"https:\/\/www.neosa.fr\/index.php?rest_route=\/wp\/v2\/types\/page"}],"author":[{"embeddable":true,"href":"https:\/\/www.neosa.fr\/index.php?rest_route=\/wp\/v2\/users\/1"}],"replies":[{"embeddable":true,"href":"https:\/\/www.neosa.fr\/index.php?rest_route=%2Fwp%2Fv2%2Fcomments&post=5"}],"version-history":[{"count":4,"href":"https:\/\/www.neosa.fr\/index.php?rest_route=\/wp\/v2\/pages\/5\/revisions"}],"predecessor-version":[{"id":113,"href":"https:\/\/www.neosa.fr\/index.php?rest_route=\/wp\/v2\/pages\/5\/revisions\/113"}],"wp:attachment":[{"href":"https:\/\/www.neosa.fr\/index.php?rest_route=%2Fwp%2Fv2%2Fmedia&parent=5"}],"curies":[{"name":"wp","href":"https:\/\/api.w.org\/{rel}","templated":true}]}}