{"id":60,"date":"2013-11-20T13:46:21","date_gmt":"2013-11-20T12:46:21","guid":{"rendered":"http:\/\/www.neosa.fr\/?page_id=60"},"modified":"2014-01-13T11:01:07","modified_gmt":"2014-01-13T10:01:07","slug":"rip-harlequin-xitron","status":"publish","type":"page","link":"https:\/\/www.neosa.fr\/?page_id=60","title":{"rendered":"RIP Harlequin Xitron"},"content":{"rendered":"<p><img loading=\"lazy\" decoding=\"async\" class=\"wp-image-63 alignleft\" style=\"margin-right: 5px; margin-left: 5px; border: 0px;\" alt=\"navigator-harlequin-rip-version-9\" src=\"https:\/\/www.neosa.fr\/wp-content\/uploads\/2013\/11\/navigator-harlequin-rip-version-9.jpg\" width=\"108\" height=\"88\" \/>Logiciel RIP adapt\u00e9 \u00e0 l&rsquo;industrie des Arts Graphiques, le <strong>RIP Navigator\u00ae Xitron<\/strong> est un produit de pilotage d&rsquo;unit\u00e9s d&rsquo;\u00e9criture telles que CTP ou CTF. Le Navigator\u00ae RIP prend en charge les formats de type PDF, PostScript, EPS, TIIF, TIFF-1Bit&#8230; Il permet aussi de produire des fichiers TIIF-1Bit tram\u00e9s directement exploitable au sein des \u00e9quipements constructeurs.<\/p>\n<p>Rempla\u00e7ant id\u00e9al des solutions constructeurs, le Navigator\u00ae RIP propose \u00e9galement des options tel que CIP3, PDF Raster, pilotage de copieurs&#8230;<\/p>\n<p>Le RIP Harlequin pilote une vaste gamme de p\u00e9riph\u00e9riques : Creo, AGFA, Screen, Fuji, Heidelberg, Kodak&#8230; (liste non exhaustive), soit \u00e0 travers une carte de communication PCI, soit une d&rsquo;interface USB2.<\/p>\n<p>Disponible pour les environnements Windows*, le Navigator\u00ae RIP s&rsquo;int\u00e8gre au sein de votre r\u00e9seau existant Windows, Apple ou Unix.<\/p>\n<p><span style=\"color: #800000;\"><em>*Plateforme recommand\u00e9e :<br \/>\n<\/em><\/span>Processeur Dual Core 2 Ghz ou +<br \/>\nDisque dur 300 Go<br \/>\nWindows 2008 Server r2<br \/>\nWindows XP Pro r3 et + 32-bit<br \/>\nWindows 7 Professional 32-64 bit<br \/>\n2 Go RAM ou +<br \/>\nLecteur DVD<br \/>\nCarte r\u00e9seau 10\/100\/1000<br \/>\n1 Slot Bus PCI de libre (si utilisation d&rsquo;une carte de communication \/ interface)<br \/>\n2 ports USB2 si bo\u00eetier d&rsquo;interface USB (1 port pour le dispositif de protection, 1 port d&rsquo;interface \u00e9quipement)<\/p>\n","protected":false},"excerpt":{"rendered":"<p>Logiciel RIP adapt\u00e9 \u00e0 l&rsquo;industrie des Arts Graphiques, le RIP Navigator\u00ae Xitron est un produit de pilotage d&rsquo;unit\u00e9s d&rsquo;\u00e9criture telles que CTP ou CTF. Le Navigator\u00ae RIP prend en charge les formats de type PDF, PostScript, EPS, TIIF, TIFF-1Bit&#8230; Il permet aussi de produire des fichiers TIIF-1Bit tram\u00e9s directement exploitable au sein des \u00e9quipements constructeurs.&hellip;<\/p>\n","protected":false},"author":1,"featured_media":0,"parent":12,"menu_order":0,"comment_status":"closed","ping_status":"open","template":"","meta":{"footnotes":""},"class_list":["post-60","page","type-page","status-publish","hentry"],"_links":{"self":[{"href":"https:\/\/www.neosa.fr\/index.php?rest_route=\/wp\/v2\/pages\/60","targetHints":{"allow":["GET"]}}],"collection":[{"href":"https:\/\/www.neosa.fr\/index.php?rest_route=\/wp\/v2\/pages"}],"about":[{"href":"https:\/\/www.neosa.fr\/index.php?rest_route=\/wp\/v2\/types\/page"}],"author":[{"embeddable":true,"href":"https:\/\/www.neosa.fr\/index.php?rest_route=\/wp\/v2\/users\/1"}],"replies":[{"embeddable":true,"href":"https:\/\/www.neosa.fr\/index.php?rest_route=%2Fwp%2Fv2%2Fcomments&post=60"}],"version-history":[{"count":8,"href":"https:\/\/www.neosa.fr\/index.php?rest_route=\/wp\/v2\/pages\/60\/revisions"}],"predecessor-version":[{"id":178,"href":"https:\/\/www.neosa.fr\/index.php?rest_route=\/wp\/v2\/pages\/60\/revisions\/178"}],"up":[{"embeddable":true,"href":"https:\/\/www.neosa.fr\/index.php?rest_route=\/wp\/v2\/pages\/12"}],"wp:attachment":[{"href":"https:\/\/www.neosa.fr\/index.php?rest_route=%2Fwp%2Fv2%2Fmedia&parent=60"}],"curies":[{"name":"wp","href":"https:\/\/api.w.org\/{rel}","templated":true}]}}