{"id":69,"date":"2013-11-20T19:44:46","date_gmt":"2013-11-20T18:44:46","guid":{"rendered":"http:\/\/www.neosa.fr\/?page_id=69"},"modified":"2013-11-25T14:08:04","modified_gmt":"2013-11-25T13:08:04","slug":"securite","status":"publish","type":"page","link":"https:\/\/www.neosa.fr\/?page_id=69","title":{"rendered":"R\u00e9seau et Infrastructure &#8211; S\u00e9curit\u00e9"},"content":{"rendered":"<p><a href=\"https:\/\/www.neosa.fr\/wp-content\/uploads\/2013\/11\/pfSense_logo_WP.png\"><img loading=\"lazy\" decoding=\"async\" class=\"wp-image-71 alignnone\" alt=\"pfSense_logo_WP\" src=\"https:\/\/www.neosa.fr\/wp-content\/uploads\/2013\/11\/pfSense_logo_WP-300x74.png\" width=\"210\" height=\"52\" srcset=\"https:\/\/www.neosa.fr\/wp-content\/uploads\/2013\/11\/pfSense_logo_WP-300x74.png 300w, https:\/\/www.neosa.fr\/wp-content\/uploads\/2013\/11\/pfSense_logo_WP.png 721w\" sizes=\"auto, (max-width: 210px) 100vw, 210px\" \/><\/a><\/p>\n<p>Produit OpenSource de grande notori\u00e9t\u00e9, NEOSA a retenu\u00a0<strong>pfSense<\/strong>\u00a0et \u00e9galement\u00a0<strong>CCBox<\/strong> comme solutions de s\u00e9curit\u00e9.<\/p>\n<h1><span style=\"color: #800000;\"><em><strong>pfSense<\/strong><\/em><\/span><\/h1>\n<p>pfSense est un pare-feu (firewall) applicatif, offrant, entre autres, des fonctionnalit\u00e9s de tout premier ordre :<\/p>\n<ul>\n<li>Firewall avec gestion d&rsquo;\u00e9tat<\/li>\n<li>Translation d&rsquo;adresses (NAT)<\/li>\n<li>Load Balancing (\u00e9quilibrage de charge)<\/li>\n<li>Serveur VPN PPtP, IPSec, OpenVPN<\/li>\n<li>Interconnexion de r\u00e9seau site \u00e0 site, connexion distante itin\u00e9rante<\/li>\n<li>Serveur DHCP<\/li>\n<li>Serveur PPPoE<\/li>\n<li>Syst\u00e8me int\u00e9gr\u00e9 de Monitoring et Reporting<\/li>\n<li>Gestion des DNS dynamiques<\/li>\n<li>Fonction de portail captif<\/li>\n<li>Serveur DHCP<\/li>\n<li>Filtrage au niveau applicatif (niveau 7) permettant un filtrage du peer-to-peer ou de n&rsquo;importe quel autre protocole<\/li>\n<li>Un filtrage de flux avec des extensions Squid et SquidGuard<\/li>\n<\/ul>\n<p>Une gestion multi-liens Internet est possible sans surco\u00fbt, offrant des fonctions de redondance d&rsquo;acc\u00e8s. Il vous est possible, par exemple, d&rsquo;utiliser un lien SDLS principal et ADSL comme secours.<\/p>\n<p>pfsense s&rsquo;installe soit sur un PC, soit sur un boitier d\u00e9di\u00e9 (\u00ab\u00a0appliance\u00a0\u00bb). Deux interfaces r\u00e9seau minimum sont n\u00e9cessaires, autant d&rsquo;interfaces r\u00e9seau que n\u00e9cessaires peuvent \u00eatre ajout\u00e9es en fonction des besoins.<\/p>\n<p>pfSense est bas\u00e9 sur une distribution Unix r\u00e9put\u00e9, FreeBSD.<\/p>\n<h1><span style=\"color: #800000;\"><em><strong>CCBox<\/strong><\/em><\/span><\/h1>\n<p>Produit \u00ab\u00a0tout en un\u00a0\u00bb, CCBox offre les fonctionnalit\u00e9s suivantes :<\/p>\n<ul>\n<li>Routeur firewall<\/li>\n<li>Multi-liens Internet (option)<\/li>\n<li>Serveur VPN PPTP, IPSec, OpenVPN<\/li>\n<li>Serveur DHCP<\/li>\n<li>Anti-Spam, anti-virus (option)<\/li>\n<li>Et plus encore&#8230;<\/li>\n<\/ul>\n<p>Disponible en location, CCBox est une offre compl\u00e8te, incluant support, assistance, mise \u00e0 jour syst\u00e8me et hotline software \/ hardware : vous ne vous souciez de rien !<\/p>\n<p><a title=\"Contactez nous\" href=\"https:\/\/www.neosa.fr\/?page_id=14\">Contactez nous<\/a> pour \u00e9tudier ensemble la solution adapt\u00e9e \u00e0 vos besoins et contraintes.<\/p>\n","protected":false},"excerpt":{"rendered":"<p>Produit OpenSource de grande notori\u00e9t\u00e9, NEOSA a retenu\u00a0pfSense\u00a0et \u00e9galement\u00a0CCBox comme solutions de s\u00e9curit\u00e9. pfSense pfSense est un pare-feu (firewall) applicatif, offrant, entre autres, des fonctionnalit\u00e9s de tout premier ordre : Firewall avec gestion d&rsquo;\u00e9tat Translation d&rsquo;adresses (NAT) Load Balancing (\u00e9quilibrage de charge) Serveur VPN PPtP, IPSec, OpenVPN Interconnexion de r\u00e9seau site \u00e0 site, connexion distante&hellip;<\/p>\n","protected":false},"author":1,"featured_media":0,"parent":12,"menu_order":0,"comment_status":"closed","ping_status":"open","template":"","meta":{"footnotes":""},"class_list":["post-69","page","type-page","status-publish","hentry"],"_links":{"self":[{"href":"https:\/\/www.neosa.fr\/index.php?rest_route=\/wp\/v2\/pages\/69","targetHints":{"allow":["GET"]}}],"collection":[{"href":"https:\/\/www.neosa.fr\/index.php?rest_route=\/wp\/v2\/pages"}],"about":[{"href":"https:\/\/www.neosa.fr\/index.php?rest_route=\/wp\/v2\/types\/page"}],"author":[{"embeddable":true,"href":"https:\/\/www.neosa.fr\/index.php?rest_route=\/wp\/v2\/users\/1"}],"replies":[{"embeddable":true,"href":"https:\/\/www.neosa.fr\/index.php?rest_route=%2Fwp%2Fv2%2Fcomments&post=69"}],"version-history":[{"count":13,"href":"https:\/\/www.neosa.fr\/index.php?rest_route=\/wp\/v2\/pages\/69\/revisions"}],"predecessor-version":[{"id":121,"href":"https:\/\/www.neosa.fr\/index.php?rest_route=\/wp\/v2\/pages\/69\/revisions\/121"}],"up":[{"embeddable":true,"href":"https:\/\/www.neosa.fr\/index.php?rest_route=\/wp\/v2\/pages\/12"}],"wp:attachment":[{"href":"https:\/\/www.neosa.fr\/index.php?rest_route=%2Fwp%2Fv2%2Fmedia&parent=69"}],"curies":[{"name":"wp","href":"https:\/\/api.w.org\/{rel}","templated":true}]}}