{"id":87,"date":"2013-11-21T10:44:23","date_gmt":"2013-11-21T09:44:23","guid":{"rendered":"http:\/\/www.neosa.fr\/?page_id=87"},"modified":"2013-11-26T11:33:32","modified_gmt":"2013-11-26T10:33:32","slug":"gestion-du-patrimoine-dam","status":"publish","type":"page","link":"https:\/\/www.neosa.fr\/?page_id=87","title":{"rendered":"Gestion du patrimoine &#8211; DAM"},"content":{"rendered":"<p>Vous \u00e9changez des fichiers avec vos Clients, devez organiser les donn\u00e9es, trier, annoter, distribuer&#8230; Autant de contraintes qui n\u00e9cessitent une approche globale de la mise \u00e0 disposition et en commun des ressources.<\/p>\n<p>La solution : la gestion de votre patrimoine num\u00e9rique \u00e0 l&rsquo;aide d&rsquo;un DAM (Digital Asset Management).<\/p>\n<p>Le DAM vous offre la possibilit\u00e9 aussi bien en interne qu&rsquo;en externe de mettre \u00e0 disposition via un portail Web tous les \u00e9l\u00e9ments de votre production au quotidien : images, logos, PDF, fichiers Microsoft Office, vid\u00e9os&#8230;<\/p>\n<p>Nos solutions de Gestion du Patrimoine Num\u00e9rique vous aident \u00e0 automatiser les envois, notifier vos Clients de modifications, enrichir le contenu \u00e0 l&rsquo;aide de m\u00e9ta-donn\u00e9es, vous permettant un acc\u00e8s rapide et structur\u00e9.<\/p>\n<p>Avec l&rsquo;aide de nos partenaires, NEOSA vous offre la possibilit\u00e9 de concr\u00e9tiser votre projet de DAM\u00a0<strong>NorthPlains WebNative Suite<\/strong>. Utilis\u00e9 par des centaines d&rsquo;installations \u00e0 travers le monde, WebNative Suite vous assure retour sur investissement, facilit\u00e9 d&rsquo;utilisation et \u00e9volution permanente.<\/p>\n<p><a title=\"Contactez nous\" href=\"https:\/\/www.neosa.fr\/?page_id=14\">Contactez nous<\/a> pour plus de d\u00e9tails et d\u00e9monstration en ligne.<\/p>\n","protected":false},"excerpt":{"rendered":"<p>Vous \u00e9changez des fichiers avec vos Clients, devez organiser les donn\u00e9es, trier, annoter, distribuer&#8230; Autant de contraintes qui n\u00e9cessitent une approche globale de la mise \u00e0 disposition et en commun des ressources. La solution : la gestion de votre patrimoine num\u00e9rique \u00e0 l&rsquo;aide d&rsquo;un DAM (Digital Asset Management). Le DAM vous offre la possibilit\u00e9 aussi&hellip;<\/p>\n","protected":false},"author":1,"featured_media":0,"parent":12,"menu_order":0,"comment_status":"closed","ping_status":"open","template":"","meta":{"footnotes":""},"class_list":["post-87","page","type-page","status-publish","hentry"],"_links":{"self":[{"href":"https:\/\/www.neosa.fr\/index.php?rest_route=\/wp\/v2\/pages\/87","targetHints":{"allow":["GET"]}}],"collection":[{"href":"https:\/\/www.neosa.fr\/index.php?rest_route=\/wp\/v2\/pages"}],"about":[{"href":"https:\/\/www.neosa.fr\/index.php?rest_route=\/wp\/v2\/types\/page"}],"author":[{"embeddable":true,"href":"https:\/\/www.neosa.fr\/index.php?rest_route=\/wp\/v2\/users\/1"}],"replies":[{"embeddable":true,"href":"https:\/\/www.neosa.fr\/index.php?rest_route=%2Fwp%2Fv2%2Fcomments&post=87"}],"version-history":[{"count":5,"href":"https:\/\/www.neosa.fr\/index.php?rest_route=\/wp\/v2\/pages\/87\/revisions"}],"predecessor-version":[{"id":138,"href":"https:\/\/www.neosa.fr\/index.php?rest_route=\/wp\/v2\/pages\/87\/revisions\/138"}],"up":[{"embeddable":true,"href":"https:\/\/www.neosa.fr\/index.php?rest_route=\/wp\/v2\/pages\/12"}],"wp:attachment":[{"href":"https:\/\/www.neosa.fr\/index.php?rest_route=%2Fwp%2Fv2%2Fmedia&parent=87"}],"curies":[{"name":"wp","href":"https:\/\/api.w.org\/{rel}","templated":true}]}}